{"id":247,"date":"2019-03-10T11:25:25","date_gmt":"2019-03-10T10:25:25","guid":{"rendered":"http:\/\/xn--spvgg-dresden-lbtau-46b.de\/?page_id=247"},"modified":"2025-10-03T12:47:52","modified_gmt":"2025-10-03T10:47:52","slug":"schiedsrichter","status":"publish","type":"page","link":"https:\/\/www.spvgg-dresden-l\u00f6btau.de\/?page_id=247","title":{"rendered":"Schiedsrichter"},"content":{"rendered":"\n<h3 class=\"wp-block-heading\">Ansprechpartner:<\/h3>\n\n\n\n<figure class=\"wp-block-table\"><table class=\"has-fixed-layout\"><tbody><tr><td><strong>Schiedsrichter-Betreuerin<\/strong><\/td><td>Susan Kosel<\/td><td>Tel: 0179\/8870302<\/td><\/tr><tr><td><strong>Schiedsrichter-Obmann<\/strong><\/td><td>Marcel Winkler<\/td><td>\/<\/td><\/tr><\/tbody><\/table><\/figure>\n\n\n\n<h3 class=\"wp-block-heading\">Unsere L\u00f6bbe-Schiedsrichter:<\/h3>\n\n\n\n<figure class=\"wp-block-table\"><table class=\"has-fixed-layout\"><tbody><tr><td><img loading=\"lazy\" decoding=\"async\" width=\"150\" height=\"184\" class=\"wp-image-1770\" style=\"width: 150px;\" src=\"https:\/\/www.spvgg-dresden-l\u00f6btau.de\/wp-content\/uploads\/Platzhalter-Person-245x300-1.jpg\" alt=\"\" srcset=\"https:\/\/www.spvgg-dresden-l\u00f6btau.de\/wp-content\/uploads\/Platzhalter-Person-245x300-1.jpg 245w, https:\/\/www.spvgg-dresden-l\u00f6btau.de\/wp-content\/uploads\/Platzhalter-Person-245x300-1-123x150.jpg 123w\" sizes=\"auto, (max-width: 150px) 100vw, 150px\" \/><br>Sam-Oliver Bormann -> Einstufung 1KL<\/td><td><img loading=\"lazy\" decoding=\"async\" width=\"150\" height=\"184\" class=\"wp-image-1770\" style=\"width: 150px;\" src=\"https:\/\/www.spvgg-dresden-l\u00f6btau.de\/wp-content\/uploads\/Platzhalter-Person-245x300-1.jpg\" alt=\"\" srcset=\"https:\/\/www.spvgg-dresden-l\u00f6btau.de\/wp-content\/uploads\/Platzhalter-Person-245x300-1.jpg 245w, https:\/\/www.spvgg-dresden-l\u00f6btau.de\/wp-content\/uploads\/Platzhalter-Person-245x300-1-123x150.jpg 123w\" sizes=\"auto, (max-width: 150px) 100vw, 150px\" \/><br>Elyas Richard Matthias G\u00f6tze -> Einstufung 4KKl<\/td><\/tr><tr><td><img loading=\"lazy\" decoding=\"async\" width=\"150\" height=\"184\" class=\"wp-image-1770\" style=\"width: 150px;\" src=\"https:\/\/www.spvgg-dresden-l\u00f6btau.de\/wp-content\/uploads\/Platzhalter-Person-245x300-1.jpg\" alt=\"\" srcset=\"https:\/\/www.spvgg-dresden-l\u00f6btau.de\/wp-content\/uploads\/Platzhalter-Person-245x300-1.jpg 245w, https:\/\/www.spvgg-dresden-l\u00f6btau.de\/wp-content\/uploads\/Platzhalter-Person-245x300-1-123x150.jpg 123w\" sizes=\"auto, (max-width: 150px) 100vw, 150px\" \/><br>Susan Kosel -> Einstufung 4KKl<\/td><td><img loading=\"lazy\" decoding=\"async\" width=\"150\" height=\"184\" class=\"wp-image-1770\" style=\"width: 150px;\" src=\"https:\/\/www.spvgg-dresden-l\u00f6btau.de\/wp-content\/uploads\/Platzhalter-Person-245x300-1.jpg\" alt=\"\" srcset=\"https:\/\/www.spvgg-dresden-l\u00f6btau.de\/wp-content\/uploads\/Platzhalter-Person-245x300-1.jpg 245w, https:\/\/www.spvgg-dresden-l\u00f6btau.de\/wp-content\/uploads\/Platzhalter-Person-245x300-1-123x150.jpg 123w\" sizes=\"auto, (max-width: 150px) 100vw, 150px\" \/><br>Jens K\u00fchn -> Einstufung 2KKl<\/td><\/tr><tr><td><img loading=\"lazy\" decoding=\"async\" width=\"150\" height=\"184\" class=\"wp-image-1770\" style=\"width: 150px;\" src=\"https:\/\/www.spvgg-dresden-l\u00f6btau.de\/wp-content\/uploads\/Platzhalter-Person-245x300-1.jpg\" alt=\"\" srcset=\"https:\/\/www.spvgg-dresden-l\u00f6btau.de\/wp-content\/uploads\/Platzhalter-Person-245x300-1.jpg 245w, https:\/\/www.spvgg-dresden-l\u00f6btau.de\/wp-content\/uploads\/Platzhalter-Person-245x300-1-123x150.jpg 123w\" sizes=\"auto, (max-width: 150px) 100vw, 150px\" \/><br>Lukas M\u00e4ke -> Einstufung 3KKl<\/td><td><img loading=\"lazy\" decoding=\"async\" width=\"150\" height=\"184\" class=\"wp-image-1770\" style=\"width: 150px;\" src=\"https:\/\/www.spvgg-dresden-l\u00f6btau.de\/wp-content\/uploads\/Platzhalter-Person-245x300-1.jpg\" alt=\"\" srcset=\"https:\/\/www.spvgg-dresden-l\u00f6btau.de\/wp-content\/uploads\/Platzhalter-Person-245x300-1.jpg 245w, https:\/\/www.spvgg-dresden-l\u00f6btau.de\/wp-content\/uploads\/Platzhalter-Person-245x300-1-123x150.jpg 123w\" sizes=\"auto, (max-width: 150px) 100vw, 150px\" \/><br>Lukas Normann -> Einstufung 3KKl<\/td><\/tr><tr><td><img loading=\"lazy\" decoding=\"async\" width=\"150\" height=\"184\" class=\"wp-image-1770\" style=\"width: 150px;\" src=\"https:\/\/www.spvgg-dresden-l\u00f6btau.de\/wp-content\/uploads\/Platzhalter-Person-245x300-1.jpg\" alt=\"\" srcset=\"https:\/\/www.spvgg-dresden-l\u00f6btau.de\/wp-content\/uploads\/Platzhalter-Person-245x300-1.jpg 245w, https:\/\/www.spvgg-dresden-l\u00f6btau.de\/wp-content\/uploads\/Platzhalter-Person-245x300-1-123x150.jpg 123w\" sizes=\"auto, (max-width: 150px) 100vw, 150px\" \/><br>Marten \u00d6sterreicher -> Einstufung 4KKl<\/td><td><img loading=\"lazy\" decoding=\"async\" width=\"150\" height=\"184\" class=\"wp-image-1770\" style=\"width: 150px;\" src=\"https:\/\/www.spvgg-dresden-l\u00f6btau.de\/wp-content\/uploads\/Platzhalter-Person-245x300-1.jpg\" alt=\"\" srcset=\"https:\/\/www.spvgg-dresden-l\u00f6btau.de\/wp-content\/uploads\/Platzhalter-Person-245x300-1.jpg 245w, https:\/\/www.spvgg-dresden-l\u00f6btau.de\/wp-content\/uploads\/Platzhalter-Person-245x300-1-123x150.jpg 123w\" sizes=\"auto, (max-width: 150px) 100vw, 150px\" \/><br>Torben Imanuel \u00d6sterreicher -> Einstufung 3KKl<\/td><\/tr><tr><td><img loading=\"lazy\" decoding=\"async\" width=\"150\" height=\"184\" class=\"wp-image-1770\" style=\"width: 150px;\" src=\"https:\/\/www.spvgg-dresden-l\u00f6btau.de\/wp-content\/uploads\/Platzhalter-Person-245x300-1.jpg\" alt=\"\" srcset=\"https:\/\/www.spvgg-dresden-l\u00f6btau.de\/wp-content\/uploads\/Platzhalter-Person-245x300-1.jpg 245w, https:\/\/www.spvgg-dresden-l\u00f6btau.de\/wp-content\/uploads\/Platzhalter-Person-245x300-1-123x150.jpg 123w\" sizes=\"auto, (max-width: 150px) 100vw, 150px\" \/><br>Felix Justin Schneider -> Einstufung 3KKl<\/td><td><img loading=\"lazy\" decoding=\"async\" width=\"150\" height=\"184\" class=\"wp-image-1770\" style=\"width: 150px;\" src=\"https:\/\/www.spvgg-dresden-l\u00f6btau.de\/wp-content\/uploads\/Platzhalter-Person-245x300-1.jpg\" alt=\"\" srcset=\"https:\/\/www.spvgg-dresden-l\u00f6btau.de\/wp-content\/uploads\/Platzhalter-Person-245x300-1.jpg 245w, https:\/\/www.spvgg-dresden-l\u00f6btau.de\/wp-content\/uploads\/Platzhalter-Person-245x300-1-123x150.jpg 123w\" sizes=\"auto, (max-width: 150px) 100vw, 150px\" \/><br>Torben Georg Seifert -> Einstufung 4KKl<\/td><\/tr><tr><td><img loading=\"lazy\" decoding=\"async\" width=\"150\" height=\"184\" class=\"wp-image-1770\" style=\"width: 150px;\" src=\"https:\/\/www.spvgg-dresden-l\u00f6btau.de\/wp-content\/uploads\/Platzhalter-Person-245x300-1.jpg\" alt=\"\" srcset=\"https:\/\/www.spvgg-dresden-l\u00f6btau.de\/wp-content\/uploads\/Platzhalter-Person-245x300-1.jpg 245w, https:\/\/www.spvgg-dresden-l\u00f6btau.de\/wp-content\/uploads\/Platzhalter-Person-245x300-1-123x150.jpg 123w\" sizes=\"auto, (max-width: 150px) 100vw, 150px\" \/><br>Ingo Ungefehr -> Einstufung 1KL<\/td><td><img loading=\"lazy\" decoding=\"async\" width=\"150\" height=\"184\" class=\"wp-image-1770\" style=\"width: 150px;\" src=\"https:\/\/www.spvgg-dresden-l\u00f6btau.de\/wp-content\/uploads\/Platzhalter-Person-245x300-1.jpg\" alt=\"\" srcset=\"https:\/\/www.spvgg-dresden-l\u00f6btau.de\/wp-content\/uploads\/Platzhalter-Person-245x300-1.jpg 245w, https:\/\/www.spvgg-dresden-l\u00f6btau.de\/wp-content\/uploads\/Platzhalter-Person-245x300-1-123x150.jpg 123w\" sizes=\"auto, (max-width: 150px) 100vw, 150px\" \/><br>Marcel Winkler -> Einstufung KOL<\/td><\/tr><\/tbody><\/table><\/figure>\n","protected":false},"excerpt":{"rendered":"<p>Ansprechpartner: Schiedsrichter-Betreuerin Susan Kosel Tel: 0179\/8870302 Schiedsrichter-Obmann Marcel Winkler \/ Unsere L\u00f6bbe-Schiedsrichter: Sam-Oliver Bormann -> Einstufung 1KL Elyas Richard Matthias G\u00f6tze -> Einstufung 4KKl Susan Kosel -> Einstufung 4KKl Jens K\u00fchn -> Einstufung 2KKl Lukas M\u00e4ke -> Einstufung 3KKl Lukas Normann -> Einstufung 3KKl Marten \u00d6sterreicher -> Einstufung 4KKl Torben Imanuel \u00d6sterreicher -> Einstufung 3KKl Felix Justin Schneider -> Einstufung [&#8230;]<\/p>\n","protected":false},"author":1,"featured_media":0,"parent":0,"menu_order":0,"comment_status":"closed","ping_status":"closed","template":"","meta":{"footnotes":""},"class_list":["post-247","page","type-page","status-publish","hentry"],"_links":{"self":[{"href":"https:\/\/www.spvgg-dresden-l\u00f6btau.de\/index.php?rest_route=\/wp\/v2\/pages\/247","targetHints":{"allow":["GET"]}}],"collection":[{"href":"https:\/\/www.spvgg-dresden-l\u00f6btau.de\/index.php?rest_route=\/wp\/v2\/pages"}],"about":[{"href":"https:\/\/www.spvgg-dresden-l\u00f6btau.de\/index.php?rest_route=\/wp\/v2\/types\/page"}],"author":[{"embeddable":true,"href":"https:\/\/www.spvgg-dresden-l\u00f6btau.de\/index.php?rest_route=\/wp\/v2\/users\/1"}],"replies":[{"embeddable":true,"href":"https:\/\/www.spvgg-dresden-l\u00f6btau.de\/index.php?rest_route=%2Fwp%2Fv2%2Fcomments&post=247"}],"version-history":[{"count":15,"href":"https:\/\/www.spvgg-dresden-l\u00f6btau.de\/index.php?rest_route=\/wp\/v2\/pages\/247\/revisions"}],"predecessor-version":[{"id":2759,"href":"https:\/\/www.spvgg-dresden-l\u00f6btau.de\/index.php?rest_route=\/wp\/v2\/pages\/247\/revisions\/2759"}],"wp:attachment":[{"href":"https:\/\/www.spvgg-dresden-l\u00f6btau.de\/index.php?rest_route=%2Fwp%2Fv2%2Fmedia&parent=247"}],"curies":[{"name":"wp","href":"https:\/\/api.w.org\/{rel}","templated":true}]}}