{"id":16,"date":"2018-11-27T09:27:38","date_gmt":"2018-11-27T09:27:38","guid":{"rendered":"http:\/\/xn--spvgg-dresden-lbtau-46b.de\/?page_id=16"},"modified":"2025-09-29T17:12:28","modified_gmt":"2025-09-29T15:12:28","slug":"anmeldung","status":"publish","type":"page","link":"https:\/\/www.spvgg-dresden-l\u00f6btau.de\/?page_id=16","title":{"rendered":"Anmeldung\/K\u00fcndigung"},"content":{"rendered":"\n<h1 class=\"wp-block-heading has-text-align-center\">Infos zur Mitgliedschaft in der Abteilung Fu\u00dfball<\/h1>\n\n\n\n<p class=\"has-text-align-center\"><strong>Allgemeines:<\/strong><\/p>\n\n\n\n<p>Bei Anmeldung als Vereinsmitglied sind folgende Unterlagen abzugeben: Anmeldung mit Einzugserm\u00e4chtigung, Passantrag, sowie bei Spielern unter 18 Jahren eine Kopie der Geburtsurkunde bzw. Personalausweis.<br>Die Aufnahmegeb\u00fchr betr\u00e4gt 15\u20ac. Die Geb\u00fchr f\u00fcr den Passantrag, bei Vereinswechsel betr\u00e4gt 10\u20ac, f\u00fcr Erstausstellungen ist er kostenfrei. Internationale Freigaben kosten 20\u20ac.<br>Der monatliche Mitgliedsbeitrag betr\u00e4gt 16,00\u20ac, sowie 10,00\u20ac f\u00fcr jedes weitere Geschwisterkind.<br>Anmeldungen k\u00f6nnen jeden Dienstag in unserem Sportb\u00fcro ab 18.30 Uhr erfolgen. Ihr k\u00f6nnt die Antr\u00e4ge auf dieser Seite als PDF-Datei herunterladen, ausdrucken und ausgef\u00fcllt mitbringen. Die Formulare k\u00f6nnt ihr auch bei der Anmeldung im Sportb\u00fcro erhalten und ausf\u00fcllen.<\/p>\n\n\n\n<p class=\"has-text-align-center\"><strong>Gesch\u00e4ftszeiten unseres Sportb\u00fcros:<\/strong><\/p>\n\n\n\n<p>Dienstag 17.30 Uhr bis 18.30 Uhr<br>Tel.: 0351 \/ 4022423<\/p>\n\n\n\n<p> <strong><strong>Anfragen zur Mitgliedschaft und schriftliche K\u00fcndigungen bitte direkt an <a href=\"javascript:;\">fussball@spvgg-dresden-l\u00f6btau.de<\/a> senden.<\/strong><\/strong><\/p>\n\n\n\n<p class=\"has-text-align-center\"><strong>Downloads:<\/strong><\/p>\n\n\n\n<div class=\"wp-block-file\"><a id=\"wp-block-file--media-fc1a69c1-f06a-426f-bfc9-0eae04094e77\" href=\"https:\/\/www.spvgg-dresden-l\u00f6btau.de\/wp-content\/uploads\/Spielerlaubnisantrag_SFV_neu.pdf\">Spielerlaubnisantrag<\/a><a href=\"https:\/\/www.spvgg-dresden-l\u00f6btau.de\/wp-content\/uploads\/Spielerlaubnisantrag_SFV_neu.pdf\" class=\"wp-block-file__button wp-element-button\" download aria-describedby=\"wp-block-file--media-fc1a69c1-f06a-426f-bfc9-0eae04094e77\">Herunterladen<\/a><\/div>\n\n\n\n<div class=\"wp-block-file\"><a id=\"wp-block-file--media-e4624ba7-074c-4f09-ba69-f4d583fe140b\" href=\"https:\/\/www.spvgg-dresden-l\u00f6btau.de\/wp-content\/uploads\/SFV-Einverstaendniserklaerung_Foto.pdf\">Einverstaendniserkl\u00e4rung Foto<\/a><a href=\"https:\/\/www.spvgg-dresden-l\u00f6btau.de\/wp-content\/uploads\/SFV-Einverstaendniserklaerung_Foto.pdf\" class=\"wp-block-file__button wp-element-button\" download aria-describedby=\"wp-block-file--media-e4624ba7-074c-4f09-ba69-f4d583fe140b\">Herunterladen<\/a><\/div>\n\n\n\n<div class=\"wp-block-file\"><a id=\"wp-block-file--media-2f4431c2-6c99-4e2d-87cb-131219fcab68\" href=\"https:\/\/www.spvgg-dresden-l\u00f6btau.de\/wp-content\/uploads\/SFV-Minderjaehrige_zur_Verwendung.pdf\">Einwilligung f\u00fcr Minderj\u00e4hrige<\/a><a href=\"https:\/\/www.spvgg-dresden-l\u00f6btau.de\/wp-content\/uploads\/SFV-Minderjaehrige_zur_Verwendung.pdf\" class=\"wp-block-file__button wp-element-button\" download aria-describedby=\"wp-block-file--media-2f4431c2-6c99-4e2d-87cb-131219fcab68\">Herunterladen<\/a><\/div>\n\n\n\n<div class=\"wp-block-file\"><a id=\"wp-block-file--media-07e9e521-b99b-4b9a-bc07-f46fe2d6cb69\" href=\"http:\/\/xn--spvgg-dresden-lbtau-46b.de\/wp-content\/uploads\/2019\/03\/lastschrift-1.pdf\">Lastschrift<\/a><a href=\"http:\/\/xn--spvgg-dresden-lbtau-46b.de\/wp-content\/uploads\/2019\/03\/lastschrift-1.pdf\" class=\"wp-block-file__button wp-element-button\" download aria-describedby=\"wp-block-file--media-07e9e521-b99b-4b9a-bc07-f46fe2d6cb69\">Herunterladen<\/a><\/div>\n\n\n\n<div class=\"wp-block-file\"><a id=\"wp-block-file--media-11c9e2da-c030-4f52-8df9-8c135320bcd2\" href=\"http:\/\/xn--spvgg-dresden-lbtau-46b.de\/wp-content\/uploads\/2019\/03\/aufnahmeantrag_loebtau-1.pdf\">Aufnahmeantrag-L\u00f6btau<\/a><a href=\"http:\/\/xn--spvgg-dresden-lbtau-46b.de\/wp-content\/uploads\/2019\/03\/aufnahmeantrag_loebtau-1.pdf\" class=\"wp-block-file__button wp-element-button\" download aria-describedby=\"wp-block-file--media-11c9e2da-c030-4f52-8df9-8c135320bcd2\">Herunterladen<\/a><\/div>\n\n\n\n<div class=\"wp-block-file\"><a href=\"http:\/\/loebtau-fussball.de\/html\/aktuell\/satzung_2014.pdf\">Aktuelle Satzung<\/a><a href=\"http:\/\/loebtau-fussball.de\/html\/aktuell\/satzung_2014.pdf\" class=\"wp-block-file__button\" download=\"\">Herunterladen<\/a><\/div>\n","protected":false},"excerpt":{"rendered":"<p>Infos zur Mitgliedschaft in der Abteilung Fu\u00dfball Allgemeines: Bei Anmeldung als Vereinsmitglied sind folgende Unterlagen abzugeben: Anmeldung mit Einzugserm\u00e4chtigung, Passantrag, sowie bei Spielern unter 18 Jahren eine Kopie der Geburtsurkunde bzw. Personalausweis.Die Aufnahmegeb\u00fchr betr\u00e4gt 15\u20ac. Die Geb\u00fchr f\u00fcr den Passantrag, bei Vereinswechsel betr\u00e4gt 10\u20ac, f\u00fcr Erstausstellungen ist er kostenfrei. Internationale Freigaben kosten 20\u20ac.Der monatliche Mitgliedsbeitrag betr\u00e4gt 16,00\u20ac, sowie 10,00\u20ac f\u00fcr [&#8230;]<\/p>\n","protected":false},"author":1,"featured_media":0,"parent":0,"menu_order":0,"comment_status":"closed","ping_status":"closed","template":"","meta":{"footnotes":""},"class_list":["post-16","page","type-page","status-publish","hentry"],"_links":{"self":[{"href":"https:\/\/www.spvgg-dresden-l\u00f6btau.de\/index.php?rest_route=\/wp\/v2\/pages\/16","targetHints":{"allow":["GET"]}}],"collection":[{"href":"https:\/\/www.spvgg-dresden-l\u00f6btau.de\/index.php?rest_route=\/wp\/v2\/pages"}],"about":[{"href":"https:\/\/www.spvgg-dresden-l\u00f6btau.de\/index.php?rest_route=\/wp\/v2\/types\/page"}],"author":[{"embeddable":true,"href":"https:\/\/www.spvgg-dresden-l\u00f6btau.de\/index.php?rest_route=\/wp\/v2\/users\/1"}],"replies":[{"embeddable":true,"href":"https:\/\/www.spvgg-dresden-l\u00f6btau.de\/index.php?rest_route=%2Fwp%2Fv2%2Fcomments&post=16"}],"version-history":[{"count":23,"href":"https:\/\/www.spvgg-dresden-l\u00f6btau.de\/index.php?rest_route=\/wp\/v2\/pages\/16\/revisions"}],"predecessor-version":[{"id":6024,"href":"https:\/\/www.spvgg-dresden-l\u00f6btau.de\/index.php?rest_route=\/wp\/v2\/pages\/16\/revisions\/6024"}],"wp:attachment":[{"href":"https:\/\/www.spvgg-dresden-l\u00f6btau.de\/index.php?rest_route=%2Fwp%2Fv2%2Fmedia&parent=16"}],"curies":[{"name":"wp","href":"https:\/\/api.w.org\/{rel}","templated":true}]}}