{"id":13,"date":"2018-11-27T09:27:38","date_gmt":"2018-11-27T09:27:38","guid":{"rendered":"http:\/\/xn--spvgg-dresden-lbtau-46b.de\/?page_id=13"},"modified":"2025-08-26T15:21:08","modified_gmt":"2025-08-26T13:21:08","slug":"trainingszeiten","status":"publish","type":"page","link":"https:\/\/www.spvgg-dresden-l\u00f6btau.de\/?page_id=13","title":{"rendered":"Trainingszeiten"},"content":{"rendered":"<h2 style=\"text-align: center;\">\u00a0 \u00a0 \u00a0 \u00a0 \u00a0Trainingszeiten SpA Malterstra\u00dfe 2025 \/ 2026<\/h2>\n<h2>\u00a0<\/h2>\n<h2><strong>Senioren:<\/strong><\/h2>\n<p><strong>1. M\u00e4nner:<\/strong><\/p>\n<p>Dienstag 20:00 &#8211; 21:30 Uhr<\/p>\n<p>Donnerstag 19:30 &#8211; 21:00 Uhr<\/p>\n<p><strong>2. M\u00e4nner:<\/strong><\/p>\n<p>Dienstag 20:00 &#8211; 21:30 Uhr<\/p>\n<p>Donnerstag 19:30 &#8211; 21:00 Uhr<\/p>\n<p><strong>3. M\u00e4nner:<\/strong><\/p>\n<p>Mittwoch 20:00 &#8211; 21:30 Uhr\u00a0 \u00a0 \u00a0 \u00a0 \u00a0 \u00a0 \u00a0 \u00a0 \u00a0 \u00a0 \u00a0 \u00a0 \u00a0 \u00a0 \u00a0 \u00a0 \u00a0 \u00a0 \u00a0 \u00a0 \u00a0 \u00a0 \u00a0 \u00a0 \u00a0 \u00a0 \u00a0 \u00a0 \u00a0 \u00a0 \u00a0 \u00a0 \u00a0 \u00a0 \u00a0 \u00a0 \u00a0 \u00a0 \u00a0 \u00a0 \u00a0 \u00a0 \u00a0 \u00a0 \u00a0 \u00a0 \u00a0 \u00a0 \u00a0 \u00a0 \u00a0 \u00a0 \u00a0 \u00a0 \u00a0 \u00a0 \u00a0 \u00a0 \u00a0 \u00a0 \u00a0 \u00a0 \u00a0 \u00a0 \u00a0 \u00a0 \u00a0 \u00a0 \u00a0 \u00a0 \u00a0 \u00a0 \u00a0 \u00a0 \u00a0<\/p>\n<p>Freitag: 19:30 &#8211; 21:00 Uhr<\/p>\n<p><strong>GF Frauen:<\/strong><\/p>\n<p>Mittwoch 19:30 &#8211; 21:00 Uhr<\/p>\n<p>Donnerstag 18:30 &#8211; 20:00 Uhr<\/p>\n<p>Freitag 18:30 &#8211; 20:00 Uhr<\/p>\n<p><strong>KF Frauen \/ L\u00f6btauer Kickers \/ SG D\u00f6lzschen:<\/strong><\/p>\n<p>Montag 19:30 &#8211; 21:00 Uhr<\/p>\n<p>Freitag 20:00 &#8211; 21:30 Uhr<\/p>\n<p><strong>Altherren \/ \u00dc35:<\/strong><\/p>\n<p>Mittwoch 18:00 &#8211; 19:30 Uhr<\/p>\n<p><strong>\u00dc60:<\/strong><\/p>\n<p>Mittwoch 18:30 &#8211; 20:00 Uhr<\/p>\n<p><strong>Freizeitteam:<\/strong><\/p>\n<p>Mittwoch 20:00 &#8211; 21:30 Uhr<\/p>\n<hr \/>\n<h2><strong>Nachwuchs:<\/strong><\/h2>\n<p><strong>SpG A-Junioren \/ Post SV Dresden:<\/strong><\/p>\n<p>Montag 20:00 &#8211; 21:30 Uhr<\/p>\n<p><strong>SpG B-Junioren \/ Post SV Dresden II:<\/strong><\/p>\n<p>Dienstag 18:30 &#8211; 20:00 Uhr<\/p>\n<p>Donnerstag 18:00 &#8211; 19:30 Uhr<\/p>\n<p><strong>B-Juniorinnen:<\/strong><\/p>\n<p>Dienstag 17:00 &#8211; 18:30 Uhr<\/p>\n<p>Freitag 16:30 Uhr &#8211; 18:00 Uhr<\/p>\n<p><strong>C1-Junioren:<\/strong><\/p>\n<p>Montag 18:00 &#8211; 19:30 Uhr<\/p>\n<p>Donnerstag\u00a0 18:00 &#8211; 19:30 Uhr<\/p>\n<p><strong>C2-Junioren:<\/strong><\/p>\n<p>Mittwoch 18:30 &#8211; 20:00 Uhr<\/p>\n<p>Freitag 18:00 &#8211; 19:30 Uhr<\/p>\n<p><strong>SpG C3-Junioren \/ Post SV Dresden II:<\/strong><\/p>\n<p>Dienstag 18:30 &#8211; 20:00 Uhr<\/p>\n<p>Freitag 18:00 &#8211; 19:30 Uhr<\/p>\n<p><strong>C-Juniorinnen:<\/strong><\/p>\n<p>Freitag 16:00 &#8211; 18:00 Uhr<\/p>\n<p><strong>D1 -Junioren:<\/strong><\/p>\n<p>Montag 17:00 &#8211; 18:30 Uhr<\/p>\n<p>Mittwoch 17:00 &#8211; 18:30 Uhr<\/p>\n<p><strong>D2-Junioren:<\/strong><\/p>\n<p>Montag 17:00 &#8211; 18:30 Uhr<\/p>\n<p>Mittwoch 17:00 &#8211; 18:30 Uhr<\/p>\n<p><strong>D3-Juniorinnen:<\/strong><\/p>\n<p>Dienstag 18:00 &#8211; 19:30 Uhr<\/p>\n<p>Freitag 17:00 &#8211; 18:30 Uhr<\/p>\n<p><strong>E1-Junioren:<\/strong><br \/>Dienstag\u00a0 17:00 &#8211; 18:30 Uhr<\/p>\n<p>Donnerstag 16:30 &#8211; 18:00 Uhr<\/p>\n<p><strong>E2-Junioren:<\/strong><\/p>\n<p>Dienstag 17:00 &#8211; 18:30 Uhr<\/p>\n<p>Donnerstag 16:30 &#8211; 18:00 Uhr<\/p>\n<p><strong>E3-Junioren:<\/strong><\/p>\n<p>Dienstag 17:00 &#8211; 18:30 Uhr<\/p>\n<p>Donnerstag 16:30 &#8211; 18:00 Uhr<\/p>\n<p><strong>E-Juniorinnen:<\/strong><\/p>\n<p>Montag 16:30 &#8211; 18:00 Uhr<\/p>\n<p>Mittwoch 16:30 &#8211; 18:00 Uhr<\/p>\n<p><strong>F1-Junioren:<\/strong><\/p>\n<p>Dienstag 16:30 &#8211; 18:00 Uhr<\/p>\n<p>Donnerstag 17:00 &#8211; 18:00 Uhr<\/p>\n<p><strong>F2-Junioren:<\/strong><\/p>\n<p>Montag 17:00 &#8211; 18:30 Uhr<\/p>\n<p>Donnerstag: 17:00 &#8211; 18:30 Uhr<\/p>\n<p><strong>F3-Junioren:<\/strong><\/p>\n<p>Montag 16:30 &#8211; 18:00 Uhr<\/p>\n<p>Donnerstag 17:00 &#8211; 18:30 Uhr<\/p>\n<p><strong>Bambinis:<\/strong><\/p>\n<p>Mittwoch 17:00 &#8211; 18:00 Uhr<\/p>\n<p>Freitag 17:00 &#8211; 18:00 Uhr<\/p>\n<p><strong>Welpen:<\/strong><\/p>\n<p>Montag 17:00 &#8211; 18:00 Uhr<\/p>\n<p><strong>Torwart-Training:<\/strong><\/p>\n<p>Montag 18:00 &#8211; 19:30 Uhr<\/p>\n<p>Dienstag 19:30 &#8211; 21:00 Uhr<\/p>\n<p>Donnerstag 20:00 &#8211; 21:30 Uhr<\/p>\n<p><strong>Freizeitteam:<\/strong><\/p>\n<p>Montag 18:00 &#8211; 19:30 Uhr<\/p>\n<p>Mittwoch 20:00 &#8211; 21:30<\/p>\n\n\n<p><\/p>\n","protected":false},"excerpt":{"rendered":"<p>\u00a0 \u00a0 \u00a0 \u00a0 \u00a0Trainingszeiten SpA Malterstra\u00dfe 2025 \/ 2026 \u00a0 Senioren: 1. M\u00e4nner: Dienstag 20:00 &#8211; 21:30 Uhr Donnerstag 19:30 &#8211; 21:00 Uhr 2. M\u00e4nner: Dienstag 20:00 &#8211; 21:30 Uhr Donnerstag 19:30 &#8211; 21:00 Uhr 3. M\u00e4nner: Mittwoch 20:00 &#8211; 21:30 Uhr\u00a0 \u00a0 \u00a0 \u00a0 \u00a0 \u00a0 \u00a0 \u00a0 \u00a0 \u00a0 \u00a0 \u00a0 \u00a0 \u00a0 \u00a0 \u00a0 \u00a0 \u00a0 [&#8230;]<\/p>\n","protected":false},"author":1,"featured_media":0,"parent":0,"menu_order":0,"comment_status":"closed","ping_status":"closed","template":"","meta":{"footnotes":""},"class_list":["post-13","page","type-page","status-publish","hentry"],"_links":{"self":[{"href":"https:\/\/www.spvgg-dresden-l\u00f6btau.de\/index.php?rest_route=\/wp\/v2\/pages\/13","targetHints":{"allow":["GET"]}}],"collection":[{"href":"https:\/\/www.spvgg-dresden-l\u00f6btau.de\/index.php?rest_route=\/wp\/v2\/pages"}],"about":[{"href":"https:\/\/www.spvgg-dresden-l\u00f6btau.de\/index.php?rest_route=\/wp\/v2\/types\/page"}],"author":[{"embeddable":true,"href":"https:\/\/www.spvgg-dresden-l\u00f6btau.de\/index.php?rest_route=\/wp\/v2\/users\/1"}],"replies":[{"embeddable":true,"href":"https:\/\/www.spvgg-dresden-l\u00f6btau.de\/index.php?rest_route=%2Fwp%2Fv2%2Fcomments&post=13"}],"version-history":[{"count":59,"href":"https:\/\/www.spvgg-dresden-l\u00f6btau.de\/index.php?rest_route=\/wp\/v2\/pages\/13\/revisions"}],"predecessor-version":[{"id":5520,"href":"https:\/\/www.spvgg-dresden-l\u00f6btau.de\/index.php?rest_route=\/wp\/v2\/pages\/13\/revisions\/5520"}],"wp:attachment":[{"href":"https:\/\/www.spvgg-dresden-l\u00f6btau.de\/index.php?rest_route=%2Fwp%2Fv2%2Fmedia&parent=13"}],"curies":[{"name":"wp","href":"https:\/\/api.w.org\/{rel}","templated":true}]}}